{"id":22,"date":"2024-08-20T05:27:02","date_gmt":"2024-08-20T08:27:02","guid":{"rendered":"https:\/\/knowha.com.br\/eletromecanica\/?page_id=22"},"modified":"2024-11-05T16:15:14","modified_gmt":"2024-11-05T19:15:14","slug":"empresa","status":"publish","type":"page","link":"https:\/\/knowha.com.br\/eletromecanica\/empresa\/","title":{"rendered":"Empresa"},"content":{"rendered":"\t\t<div data-elementor-type=\"wp-page\" data-elementor-id=\"22\" class=\"elementor elementor-22\" data-elementor-post-type=\"page\">\n\t\t\t\t<div class=\"elementor-element elementor-element-9372e50 e-con-full e-flex e-con e-parent\" data-id=\"9372e50\" data-element_type=\"container\">\n\t\t\t\t<div class=\"elementor-element elementor-element-2bde36a elementor--h-position-center elementor--v-position-middle elementor-arrows-position-inside elementor-pagination-position-inside elementor-widget elementor-widget-slides\" data-id=\"2bde36a\" data-element_type=\"widget\" data-settings=\"{&quot;navigation&quot;:&quot;both&quot;,&quot;autoplay&quot;:&quot;yes&quot;,&quot;pause_on_hover&quot;:&quot;yes&quot;,&quot;pause_on_interaction&quot;:&quot;yes&quot;,&quot;autoplay_speed&quot;:5000,&quot;infinite&quot;:&quot;yes&quot;,&quot;transition&quot;:&quot;slide&quot;,&quot;transition_speed&quot;:500}\" data-widget_type=\"slides.default\">\n\t\t\t\t<div class=\"elementor-widget-container\">\n\t\t\t<style>\/*! elementor-pro - v3.23.0 - 05-08-2024 *\/\n.elementor-slides .swiper-slide-bg{background-size:cover;background-position:50%;background-repeat:no-repeat;min-width:100%;min-height:100%}.elementor-slides .swiper-slide-inner{background-repeat:no-repeat;background-position:50%;position:absolute;top:0;left:0;bottom:0;right:0;padding:50px;margin:auto}.elementor-slides .swiper-slide-inner,.elementor-slides .swiper-slide-inner:hover{color:#fff;display:flex}.elementor-slides .swiper-slide-inner .elementor-background-overlay{position:absolute;z-index:0;top:0;bottom:0;left:0;right:0}.elementor-slides .swiper-slide-inner .elementor-slide-content{position:relative;z-index:1;width:100%}.elementor-slides .swiper-slide-inner .elementor-slide-heading{font-size:35px;font-weight:700;line-height:1}.elementor-slides .swiper-slide-inner .elementor-slide-description{font-size:17px;line-height:1.4}.elementor-slides .swiper-slide-inner .elementor-slide-description:not(:last-child),.elementor-slides .swiper-slide-inner .elementor-slide-heading:not(:last-child){margin-bottom:30px}.elementor-slides .swiper-slide-inner .elementor-slide-button{border:2px solid #fff;color:#fff;background:transparent;display:inline-block}.elementor-slides .swiper-slide-inner .elementor-slide-button,.elementor-slides .swiper-slide-inner .elementor-slide-button:hover{background:transparent;color:inherit;text-decoration:none}.elementor--v-position-top .swiper-slide-inner{align-items:flex-start}.elementor--v-position-bottom .swiper-slide-inner{align-items:flex-end}.elementor--v-position-middle .swiper-slide-inner{align-items:center}.elementor--h-position-left .swiper-slide-inner{justify-content:flex-start}.elementor--h-position-right .swiper-slide-inner{justify-content:flex-end}.elementor--h-position-center .swiper-slide-inner{justify-content:center}body.rtl .elementor-widget-slides .elementor-swiper-button-next{left:10px;right:auto}body.rtl .elementor-widget-slides .elementor-swiper-button-prev{right:10px;left:auto}.elementor-slides-wrapper div:not(.swiper-slide)>.swiper-slide-inner{display:none}@media (max-width:767px){.elementor-slides .swiper-slide-inner{padding:30px}.elementor-slides .swiper-slide-inner .elementor-slide-heading{font-size:23px;line-height:1;margin-bottom:15px}.elementor-slides .swiper-slide-inner .elementor-slide-description{font-size:13px;line-height:1.4;margin-bottom:15px}}<\/style>\t\t<div class=\"elementor-swiper\">\n\t\t\t<div class=\"elementor-slides-wrapper elementor-main-swiper swiper\" dir=\"ltr\" data-animation=\"fadeInUp\">\n\t\t\t\t<div class=\"swiper-wrapper elementor-slides\">\n\t\t\t\t\t\t\t\t\t\t<div class=\"elementor-repeater-item-4b647f1 swiper-slide\"><div class=\"swiper-slide-bg\" role=\"img\"><\/div><div class=\"elementor-background-overlay\"><\/div><div class=\"swiper-slide-inner\" ><div class=\"swiper-slide-contents\"><div class=\"elementor-slide-heading\">Empresa<\/div><div class=\"elementor-slide-description\">Fundada em Setembro de 1996<\/div><\/div><\/div><\/div><div class=\"elementor-repeater-item-22f61a3 swiper-slide\"><div class=\"swiper-slide-bg\" role=\"img\"><\/div><div class=\"elementor-background-overlay\"><\/div><div class=\"swiper-slide-inner\" ><div class=\"swiper-slide-contents\"><div class=\"elementor-slide-heading\">Empresa<\/div><div class=\"elementor-slide-description\">Fundada em Setembro de 1996<\/div><\/div><\/div><\/div>\t\t\t\t<\/div>\n\t\t\t\t\t\t\t\t\t\t\t\t\t\t\t<div class=\"swiper-pagination\"><\/div>\n\t\t\t\t\t\t\t\t\t\t\t\t\t\t\t\t<div class=\"elementor-swiper-button elementor-swiper-button-prev\" role=\"button\" tabindex=\"0\">\n\t\t\t\t\t\t\t<svg aria-hidden=\"true\" class=\"e-font-icon-svg e-eicon-chevron-left\" viewBox=\"0 0 1000 1000\" xmlns=\"http:\/\/www.w3.org\/2000\/svg\"><path d=\"M646 125C629 125 613 133 604 142L308 442C296 454 292 471 292 487 292 504 296 521 308 533L604 854C617 867 629 875 646 875 663 875 679 871 692 858 704 846 713 829 713 812 713 796 708 779 692 767L438 487 692 225C700 217 708 204 708 187 708 171 704 154 692 142 675 129 663 125 646 125Z\"><\/path><\/svg>\t\t\t\t\t\t\t<span class=\"elementor-screen-only\">Previous slide<\/span>\n\t\t\t\t\t\t<\/div>\n\t\t\t\t\t\t<div class=\"elementor-swiper-button elementor-swiper-button-next\" role=\"button\" tabindex=\"0\">\n\t\t\t\t\t\t\t<svg aria-hidden=\"true\" class=\"e-font-icon-svg e-eicon-chevron-right\" viewBox=\"0 0 1000 1000\" xmlns=\"http:\/\/www.w3.org\/2000\/svg\"><path d=\"M696 533C708 521 713 504 713 487 713 471 708 454 696 446L400 146C388 133 375 125 354 125 338 125 325 129 313 142 300 154 292 171 292 187 292 204 296 221 308 233L563 492 304 771C292 783 288 800 288 817 288 833 296 850 308 863 321 871 338 875 354 875 371 875 388 867 400 854L696 533Z\"><\/path><\/svg>\t\t\t\t\t\t\t<span class=\"elementor-screen-only\">Next slide<\/span>\n\t\t\t\t\t\t<\/div>\n\t\t\t\t\t\t\t\t\t\t\t\t<\/div>\n\t\t<\/div>\n\t\t\t\t<\/div>\n\t\t\t\t<\/div>\n\t\t\t\t<\/div>\n\t\t<div class=\"elementor-element elementor-element-1b31d6a e-flex e-con-boxed e-con e-parent\" data-id=\"1b31d6a\" data-element_type=\"container\" data-settings=\"{&quot;background_background&quot;:&quot;classic&quot;}\">\n\t\t\t\t\t<div class=\"e-con-inner\">\n\t\t\t\t\t<\/div>\n\t\t\t\t<\/div>\n\t\t<div class=\"elementor-element elementor-element-38cda1c e-flex e-con-boxed e-con e-parent\" data-id=\"38cda1c\" data-element_type=\"container\">\n\t\t\t\t\t<div class=\"e-con-inner\">\n\t\t\t\t<div class=\"elementor-element elementor-element-d5717a9 elementor-widget elementor-widget-spacer\" data-id=\"d5717a9\" data-element_type=\"widget\" data-widget_type=\"spacer.default\">\n\t\t\t\t<div class=\"elementor-widget-container\">\n\t\t\t<style>\/*! elementor - v3.23.0 - 05-08-2024 *\/\n.elementor-column .elementor-spacer-inner{height:var(--spacer-size)}.e-con{--container-widget-width:100%}.e-con-inner>.elementor-widget-spacer,.e-con>.elementor-widget-spacer{width:var(--container-widget-width,var(--spacer-size));--align-self:var(--container-widget-align-self,initial);--flex-shrink:0}.e-con-inner>.elementor-widget-spacer>.elementor-widget-container,.e-con>.elementor-widget-spacer>.elementor-widget-container{height:100%;width:100%}.e-con-inner>.elementor-widget-spacer>.elementor-widget-container>.elementor-spacer,.e-con>.elementor-widget-spacer>.elementor-widget-container>.elementor-spacer{height:100%}.e-con-inner>.elementor-widget-spacer>.elementor-widget-container>.elementor-spacer>.elementor-spacer-inner,.e-con>.elementor-widget-spacer>.elementor-widget-container>.elementor-spacer>.elementor-spacer-inner{height:var(--container-widget-height,var(--spacer-size))}.e-con-inner>.elementor-widget-spacer.elementor-widget-empty,.e-con>.elementor-widget-spacer.elementor-widget-empty{position:relative;min-height:22px;min-width:22px}.e-con-inner>.elementor-widget-spacer.elementor-widget-empty .elementor-widget-empty-icon,.e-con>.elementor-widget-spacer.elementor-widget-empty .elementor-widget-empty-icon{position:absolute;top:0;bottom:0;left:0;right:0;margin:auto;padding:0;width:22px;height:22px}<\/style>\t\t<div class=\"elementor-spacer\">\n\t\t\t<div class=\"elementor-spacer-inner\"><\/div>\n\t\t<\/div>\n\t\t\t\t<\/div>\n\t\t\t\t<\/div>\n\t\t\t\t\t<\/div>\n\t\t\t\t<\/div>\n\t\t<div class=\"elementor-element elementor-element-d8d568a e-flex e-con-boxed e-con e-parent\" data-id=\"d8d568a\" data-element_type=\"container\">\n\t\t\t\t\t<div class=\"e-con-inner\">\n\t\t<div class=\"elementor-element elementor-element-a0c8eeb e-con-full e-flex e-con e-child\" data-id=\"a0c8eeb\" data-element_type=\"container\">\n\t\t\t\t<div class=\"elementor-element elementor-element-47e4f17 elementor-widget elementor-widget-text-editor\" data-id=\"47e4f17\" data-element_type=\"widget\" data-widget_type=\"text-editor.default\">\n\t\t\t\t<div class=\"elementor-widget-container\">\n\t\t\t<style>\/*! elementor - v3.23.0 - 05-08-2024 *\/\n.elementor-widget-text-editor.elementor-drop-cap-view-stacked .elementor-drop-cap{background-color:#69727d;color:#fff}.elementor-widget-text-editor.elementor-drop-cap-view-framed .elementor-drop-cap{color:#69727d;border:3px solid;background-color:transparent}.elementor-widget-text-editor:not(.elementor-drop-cap-view-default) .elementor-drop-cap{margin-top:8px}.elementor-widget-text-editor:not(.elementor-drop-cap-view-default) .elementor-drop-cap-letter{width:1em;height:1em}.elementor-widget-text-editor .elementor-drop-cap{float:left;text-align:center;line-height:1;font-size:50px}.elementor-widget-text-editor .elementor-drop-cap-letter{display:inline-block}<\/style>\t\t\t\t<p>Fundada em Setembro de 1996, a empresa dedica-se desde ent\u00e3o, a criar solu\u00e7\u00f5es em dispositivos, m\u00e1quinas, instala\u00e7\u00f5es, automa\u00e7\u00f5es e softwares, mormente no segmento industrial. Iniciou suas atividades com projetos e servi\u00e7os de engenharia eletromec\u00e2nica para m\u00e1quinas, equipamentos e instala\u00e7\u00f5es industriais, sob a raz\u00e3o social Knowha Engenharia Eletromec\u00e2nica Ltda. Contando j\u00e1 desde o in\u00edcio, com a confian\u00e7a de grandes empresas japonesas tais como a Furukawa Industrial e Denso do Brasil, logo expandiu suas atividades como fabricante de m\u00e1quinas e dispositivos..<\/p>\t\t\t\t\t\t<\/div>\n\t\t\t\t<\/div>\n\t\t\t\t<div class=\"elementor-element elementor-element-f74a6fa elementor-widget elementor-widget-image\" data-id=\"f74a6fa\" data-element_type=\"widget\" data-widget_type=\"image.default\">\n\t\t\t\t<div class=\"elementor-widget-container\">\n\t\t\t\t\t\t\t\t\t\t\t\t\t<img fetchpriority=\"high\" decoding=\"async\" width=\"600\" height=\"600\" src=\"https:\/\/knowha.com.br\/eletromecanica\/wp-content\/uploads\/2024\/11\/automacao2.png\" class=\"attachment-large size-large wp-image-388\" alt=\"\" srcset=\"https:\/\/knowha.com.br\/eletromecanica\/wp-content\/uploads\/2024\/11\/automacao2.png 600w, https:\/\/knowha.com.br\/eletromecanica\/wp-content\/uploads\/2024\/11\/automacao2-300x300.png 300w, https:\/\/knowha.com.br\/eletromecanica\/wp-content\/uploads\/2024\/11\/automacao2-150x150.png 150w\" sizes=\"(max-width: 600px) 100vw, 600px\" \/>\t\t\t\t\t\t\t\t\t\t\t\t\t<\/div>\n\t\t\t\t<\/div>\n\t\t\t\t<\/div>\n\t\t<div class=\"elementor-element elementor-element-dec9b34 e-con-full e-flex e-con e-child\" data-id=\"dec9b34\" data-element_type=\"container\">\n\t\t\t\t<div class=\"elementor-element elementor-element-a22a495 elementor-widget elementor-widget-text-editor\" data-id=\"a22a495\" data-element_type=\"widget\" data-widget_type=\"text-editor.default\">\n\t\t\t\t<div class=\"elementor-widget-container\">\n\t\t\t\t\t\t\t<p>Hoje o seu portfolio de m\u00e1quinas e dispositivos equipa grandes empresas do segmento automotivo tais como Volvo do Brasil, Renault do Brasil, Nissan do Brasil, Johnson Controls, PSA Argentina, Faurecia Bancos para Autom\u00f3veis, Inergy Automotive Systems, JTekt Group, Weber Bovenau Hydraulik, al\u00e9m de grandes clientes de outros segmentos como Electrolux do Brasil (eletrodom\u00e9sticos), CNH Latin Am\u00e9rica (m\u00e1quinas agr\u00edcolas), IBQ Ind\u00fastrias Qu\u00edmicas (explosivos), Furukawa Industrial (eletro-eletr\u00f4nicos)..<\/p>\t\t\t\t\t\t<\/div>\n\t\t\t\t<\/div>\n\t\t\t\t<div class=\"elementor-element elementor-element-30f1c13 elementor-widget elementor-widget-image\" data-id=\"30f1c13\" data-element_type=\"widget\" data-widget_type=\"image.default\">\n\t\t\t\t<div class=\"elementor-widget-container\">\n\t\t\t\t\t\t\t\t\t\t\t\t\t<img decoding=\"async\" width=\"600\" height=\"600\" src=\"https:\/\/knowha.com.br\/eletromecanica\/wp-content\/uploads\/2024\/11\/automacao1.jpg\" class=\"attachment-large size-large wp-image-386\" alt=\"\" srcset=\"https:\/\/knowha.com.br\/eletromecanica\/wp-content\/uploads\/2024\/11\/automacao1.jpg 600w, https:\/\/knowha.com.br\/eletromecanica\/wp-content\/uploads\/2024\/11\/automacao1-300x300.jpg 300w, https:\/\/knowha.com.br\/eletromecanica\/wp-content\/uploads\/2024\/11\/automacao1-150x150.jpg 150w\" sizes=\"(max-width: 600px) 100vw, 600px\" \/>\t\t\t\t\t\t\t\t\t\t\t\t\t<\/div>\n\t\t\t\t<\/div>\n\t\t\t\t<div class=\"elementor-element elementor-element-0d978ba elementor-widget elementor-widget-text-editor\" data-id=\"0d978ba\" data-element_type=\"widget\" data-widget_type=\"text-editor.default\">\n\t\t\t\t<div class=\"elementor-widget-container\">\n\t\t\t\t\t\t\t<p>O patrim\u00f4nio intelectual \u00e9 o seu maior ativo, valorizado atrav\u00e9s de seus recursos humanos altamente seletos e treinados atrav\u00e9s de um programa de desenvolvimento de intelecto, filosofias de trabalho e atualiza\u00e7\u00f5es cont\u00ednuas em novas tecnologias.<\/p>\t\t\t\t\t\t<\/div>\n\t\t\t\t<\/div>\n\t\t\t\t<\/div>\n\t\t\t\t\t<\/div>\n\t\t\t\t<\/div>\n\t\t<div class=\"elementor-element elementor-element-0970b95 e-flex e-con-boxed e-con e-parent\" data-id=\"0970b95\" data-element_type=\"container\">\n\t\t\t\t\t<div class=\"e-con-inner\">\n\t\t\t\t<div class=\"elementor-element elementor-element-a17c504 elementor-widget elementor-widget-text-editor\" data-id=\"a17c504\" data-element_type=\"widget\" data-widget_type=\"text-editor.default\">\n\t\t\t\t<div class=\"elementor-widget-container\">\n\t\t\t\t\t\t\t<p>A valoriza\u00e7\u00e3o da capacidade intelectual e a criatividade \u00e9 sugerida tamb\u00e9m pelo pr\u00f3prio nome da empresa, onde Knowha \u00e9 uma variante da palavra inglesa \u201cknow-how\u201d e da palavra japonesa \u201cnou-ha\u201d que significa onda cerebral. Fruto de experi\u00eancias adquiridas em empresas orientais e ocidentais pelos seus fundadores, a empresa procura extrair o melhor de ambos os estilos e reaplic\u00e1-los nesta que \u00e9 uma mistura de culturas, da sabedoria milenar com a tecnologia moderna.<\/p>\t\t\t\t\t\t<\/div>\n\t\t\t\t<\/div>\n\t\t\t\t\t<\/div>\n\t\t\t\t<\/div>\n\t\t\t\t<\/div>\n\t\t","protected":false},"excerpt":{"rendered":"<p>EmpresaFundada em Setembro de 1996EmpresaFundada em Setembro de 1996 Previous slide Next slide Fundada em Setembro de 1996, a empresa dedica-se desde ent\u00e3o, a criar solu\u00e7\u00f5es em dispositivos, m\u00e1quinas, instala\u00e7\u00f5es, automa\u00e7\u00f5es e softwares, mormente no segmento industrial. Iniciou suas atividades com projetos e servi\u00e7os de engenharia eletromec\u00e2nica para m\u00e1quinas, equipamentos e instala\u00e7\u00f5es industriais, sob a [&hellip;]<\/p>\n","protected":false},"author":1,"featured_media":0,"parent":0,"menu_order":0,"comment_status":"closed","ping_status":"closed","template":"elementor_header_footer","meta":{"_joinchat":[],"footnotes":""},"class_list":["post-22","page","type-page","status-publish","hentry"],"_links":{"self":[{"href":"https:\/\/knowha.com.br\/eletromecanica\/wp-json\/wp\/v2\/pages\/22","targetHints":{"allow":["GET"]}}],"collection":[{"href":"https:\/\/knowha.com.br\/eletromecanica\/wp-json\/wp\/v2\/pages"}],"about":[{"href":"https:\/\/knowha.com.br\/eletromecanica\/wp-json\/wp\/v2\/types\/page"}],"author":[{"embeddable":true,"href":"https:\/\/knowha.com.br\/eletromecanica\/wp-json\/wp\/v2\/users\/1"}],"replies":[{"embeddable":true,"href":"https:\/\/knowha.com.br\/eletromecanica\/wp-json\/wp\/v2\/comments?post=22"}],"version-history":[{"count":64,"href":"https:\/\/knowha.com.br\/eletromecanica\/wp-json\/wp\/v2\/pages\/22\/revisions"}],"predecessor-version":[{"id":391,"href":"https:\/\/knowha.com.br\/eletromecanica\/wp-json\/wp\/v2\/pages\/22\/revisions\/391"}],"wp:attachment":[{"href":"https:\/\/knowha.com.br\/eletromecanica\/wp-json\/wp\/v2\/media?parent=22"}],"curies":[{"name":"wp","href":"https:\/\/api.w.org\/{rel}","templated":true}]}}